{"id":8524,"date":"2025-05-13T12:13:12","date_gmt":"2025-05-13T10:13:12","guid":{"rendered":"https:\/\/www.happymarkt.it\/product\/cassa-registrazione-elettronica-onda-di-mima-per-negozi\/"},"modified":"2025-05-13T18:22:41","modified_gmt":"2025-05-13T16:22:41","slug":"registrierkasse-elektronisch-mit-geldschublade-cassa-registrazione-elettronica-onda-di-mima-per-negozi","status":"publish","type":"product","link":"https:\/\/www.happymarkt.it\/de\/product\/registrierkasse-elektronisch-mit-geldschublade-cassa-registrazione-elettronica-onda-di-mima-per-negozi\/","title":{"rendered":"Registrierkasse elektronisch mit Geldschublade &#8211; Cassa registrazione elettronica ONDA di Mima per negozi\/"},"content":{"rendered":"<p>Registrierkasse Marke ONDA von Mima mit Geldschublade und allen Unterlagen, f\u00fcr direkte Verbindung mit dem Finanzamt, Papierrollen werden mitgeliefert, f\u00fcr Neuer\u00f6ffnung eines Ladengesch\u00e4fts. Neupreis \u20ac800,00 F\u00fcr weitere Fragen bin ich gerne f\u00fcr dich da&#8230;<\/p>\n<p>Registratore di cassa marca ONDA di Mima con cassetto per soldi e tutta la documentazione, per il collegamento diretto all&#8217;ufficio imposte, rotoli di carta inclusi, per l&#8217;apertura di un nuovo negozio. Prezzo d&#8217;acquisto \u20ac800,00. Se hai altre domande, sar\u00f2 felice di aiutarti&#8230;<\/p>\n","protected":false},"excerpt":{"rendered":"","protected":false},"featured_media":8519,"template":"","meta":[],"product_brand":[],"product_cat":[169],"product_tag":[],"class_list":{"0":"post-8524","1":"product","2":"type-product","3":"status-publish","4":"has-post-thumbnail","6":"product_cat-elektronik","8":"first","9":"instock","10":"taxable","11":"shipping-taxable","12":"purchasable","13":"product-type-simple"},"yoast_head":"<!-- This site is optimized with the Yoast SEO plugin v24.3 - https:\/\/yoast.com\/wordpress\/plugins\/seo\/ -->\n<title>Registrierkasse elektronisch mit Geldschublade - Cassa registrazione elettronica ONDA di Mima per negozi\/ - Happymarkt<\/title>\n<meta name=\"robots\" content=\"index, follow, max-snippet:-1, max-image-preview:large, max-video-preview:-1\" \/>\n<link rel=\"canonical\" href=\"https:\/\/www.happymarkt.it\/de\/product\/registrierkasse-elektronisch-mit-geldschublade-cassa-registrazione-elettronica-onda-di-mima-per-negozi\/\" \/>\n<meta property=\"og:locale\" content=\"de_DE\" \/>\n<meta property=\"og:type\" content=\"article\" \/>\n<meta property=\"og:title\" content=\"Registrierkasse elektronisch mit Geldschublade - Cassa registrazione elettronica ONDA di Mima per negozi\/ - Happymarkt\" \/>\n<meta property=\"og:url\" content=\"https:\/\/www.happymarkt.it\/de\/product\/registrierkasse-elektronisch-mit-geldschublade-cassa-registrazione-elettronica-onda-di-mima-per-negozi\/\" \/>\n<meta property=\"og:site_name\" content=\"Happymarkt\" \/>\n<meta property=\"article:modified_time\" content=\"2025-05-13T16:22:41+00:00\" \/>\n<meta property=\"og:image\" content=\"https:\/\/www.happymarkt.it\/wp-content\/uploads\/Cassa-Mima-con-cassetto-per-soldi.png\" \/>\n\t<meta property=\"og:image:width\" content=\"657\" \/>\n\t<meta property=\"og:image:height\" content=\"828\" \/>\n\t<meta property=\"og:image:type\" content=\"image\/png\" \/>\n<meta name=\"twitter:card\" content=\"summary_large_image\" \/>\n<script type=\"application\/ld+json\" class=\"yoast-schema-graph\">{\"@context\":\"https:\/\/schema.org\",\"@graph\":[{\"@type\":\"WebPage\",\"@id\":\"https:\/\/www.happymarkt.it\/de\/product\/registrierkasse-elektronisch-mit-geldschublade-cassa-registrazione-elettronica-onda-di-mima-per-negozi\/\",\"url\":\"https:\/\/www.happymarkt.it\/de\/product\/registrierkasse-elektronisch-mit-geldschublade-cassa-registrazione-elettronica-onda-di-mima-per-negozi\/\",\"name\":\"Registrierkasse elektronisch mit Geldschublade - Cassa registrazione elettronica ONDA di Mima per negozi\/ - Happymarkt\",\"isPartOf\":{\"@id\":\"https:\/\/www.happymarkt.it\/#website\"},\"primaryImageOfPage\":{\"@id\":\"https:\/\/www.happymarkt.it\/de\/product\/registrierkasse-elektronisch-mit-geldschublade-cassa-registrazione-elettronica-onda-di-mima-per-negozi\/#primaryimage\"},\"image\":{\"@id\":\"https:\/\/www.happymarkt.it\/de\/product\/registrierkasse-elektronisch-mit-geldschublade-cassa-registrazione-elettronica-onda-di-mima-per-negozi\/#primaryimage\"},\"thumbnailUrl\":\"https:\/\/www.happymarkt.it\/wp-content\/uploads\/Cassa-Mima-con-cassetto-per-soldi.png\",\"datePublished\":\"2025-05-13T10:13:12+00:00\",\"dateModified\":\"2025-05-13T16:22:41+00:00\",\"breadcrumb\":{\"@id\":\"https:\/\/www.happymarkt.it\/de\/product\/registrierkasse-elektronisch-mit-geldschublade-cassa-registrazione-elettronica-onda-di-mima-per-negozi\/#breadcrumb\"},\"inLanguage\":\"de\",\"potentialAction\":[{\"@type\":\"ReadAction\",\"target\":[\"https:\/\/www.happymarkt.it\/de\/product\/registrierkasse-elektronisch-mit-geldschublade-cassa-registrazione-elettronica-onda-di-mima-per-negozi\/\"]}]},{\"@type\":\"ImageObject\",\"inLanguage\":\"de\",\"@id\":\"https:\/\/www.happymarkt.it\/de\/product\/registrierkasse-elektronisch-mit-geldschublade-cassa-registrazione-elettronica-onda-di-mima-per-negozi\/#primaryimage\",\"url\":\"https:\/\/www.happymarkt.it\/wp-content\/uploads\/Cassa-Mima-con-cassetto-per-soldi.png\",\"contentUrl\":\"https:\/\/www.happymarkt.it\/wp-content\/uploads\/Cassa-Mima-con-cassetto-per-soldi.png\",\"width\":657,\"height\":828},{\"@type\":\"BreadcrumbList\",\"@id\":\"https:\/\/www.happymarkt.it\/de\/product\/registrierkasse-elektronisch-mit-geldschublade-cassa-registrazione-elettronica-onda-di-mima-per-negozi\/#breadcrumb\",\"itemListElement\":[{\"@type\":\"ListItem\",\"position\":1,\"name\":\"Home\",\"item\":\"https:\/\/www.happymarkt.it\/de\/\"},{\"@type\":\"ListItem\",\"position\":2,\"name\":\"Gebrauchtwarenmarkt\",\"item\":\"https:\/\/www.happymarkt.it\/de\/shop\/\"},{\"@type\":\"ListItem\",\"position\":3,\"name\":\"Registrierkasse elektronisch mit Geldschublade &#8211; Cassa registrazione elettronica ONDA di Mima per negozi\/\"}]},{\"@type\":\"WebSite\",\"@id\":\"https:\/\/www.happymarkt.it\/#website\",\"url\":\"https:\/\/www.happymarkt.it\/\",\"name\":\"Happymarkt\",\"description\":\"\",\"potentialAction\":[{\"@type\":\"SearchAction\",\"target\":{\"@type\":\"EntryPoint\",\"urlTemplate\":\"https:\/\/www.happymarkt.it\/?s={search_term_string}\"},\"query-input\":{\"@type\":\"PropertyValueSpecification\",\"valueRequired\":true,\"valueName\":\"search_term_string\"}}],\"inLanguage\":\"de\"}]}<\/script>\n<!-- \/ Yoast SEO plugin. -->","yoast_head_json":{"title":"Registrierkasse elektronisch mit Geldschublade - Cassa registrazione elettronica ONDA di Mima per negozi\/ - Happymarkt","robots":{"index":"index","follow":"follow","max-snippet":"max-snippet:-1","max-image-preview":"max-image-preview:large","max-video-preview":"max-video-preview:-1"},"canonical":"https:\/\/www.happymarkt.it\/de\/product\/registrierkasse-elektronisch-mit-geldschublade-cassa-registrazione-elettronica-onda-di-mima-per-negozi\/","og_locale":"de_DE","og_type":"article","og_title":"Registrierkasse elektronisch mit Geldschublade - Cassa registrazione elettronica ONDA di Mima per negozi\/ - Happymarkt","og_url":"https:\/\/www.happymarkt.it\/de\/product\/registrierkasse-elektronisch-mit-geldschublade-cassa-registrazione-elettronica-onda-di-mima-per-negozi\/","og_site_name":"Happymarkt","article_modified_time":"2025-05-13T16:22:41+00:00","og_image":[{"width":657,"height":828,"url":"https:\/\/www.happymarkt.it\/wp-content\/uploads\/Cassa-Mima-con-cassetto-per-soldi.png","type":"image\/png"}],"twitter_card":"summary_large_image","schema":{"@context":"https:\/\/schema.org","@graph":[{"@type":"WebPage","@id":"https:\/\/www.happymarkt.it\/de\/product\/registrierkasse-elektronisch-mit-geldschublade-cassa-registrazione-elettronica-onda-di-mima-per-negozi\/","url":"https:\/\/www.happymarkt.it\/de\/product\/registrierkasse-elektronisch-mit-geldschublade-cassa-registrazione-elettronica-onda-di-mima-per-negozi\/","name":"Registrierkasse elektronisch mit Geldschublade - Cassa registrazione elettronica ONDA di Mima per negozi\/ - Happymarkt","isPartOf":{"@id":"https:\/\/www.happymarkt.it\/#website"},"primaryImageOfPage":{"@id":"https:\/\/www.happymarkt.it\/de\/product\/registrierkasse-elektronisch-mit-geldschublade-cassa-registrazione-elettronica-onda-di-mima-per-negozi\/#primaryimage"},"image":{"@id":"https:\/\/www.happymarkt.it\/de\/product\/registrierkasse-elektronisch-mit-geldschublade-cassa-registrazione-elettronica-onda-di-mima-per-negozi\/#primaryimage"},"thumbnailUrl":"https:\/\/www.happymarkt.it\/wp-content\/uploads\/Cassa-Mima-con-cassetto-per-soldi.png","datePublished":"2025-05-13T10:13:12+00:00","dateModified":"2025-05-13T16:22:41+00:00","breadcrumb":{"@id":"https:\/\/www.happymarkt.it\/de\/product\/registrierkasse-elektronisch-mit-geldschublade-cassa-registrazione-elettronica-onda-di-mima-per-negozi\/#breadcrumb"},"inLanguage":"de","potentialAction":[{"@type":"ReadAction","target":["https:\/\/www.happymarkt.it\/de\/product\/registrierkasse-elektronisch-mit-geldschublade-cassa-registrazione-elettronica-onda-di-mima-per-negozi\/"]}]},{"@type":"ImageObject","inLanguage":"de","@id":"https:\/\/www.happymarkt.it\/de\/product\/registrierkasse-elektronisch-mit-geldschublade-cassa-registrazione-elettronica-onda-di-mima-per-negozi\/#primaryimage","url":"https:\/\/www.happymarkt.it\/wp-content\/uploads\/Cassa-Mima-con-cassetto-per-soldi.png","contentUrl":"https:\/\/www.happymarkt.it\/wp-content\/uploads\/Cassa-Mima-con-cassetto-per-soldi.png","width":657,"height":828},{"@type":"BreadcrumbList","@id":"https:\/\/www.happymarkt.it\/de\/product\/registrierkasse-elektronisch-mit-geldschublade-cassa-registrazione-elettronica-onda-di-mima-per-negozi\/#breadcrumb","itemListElement":[{"@type":"ListItem","position":1,"name":"Home","item":"https:\/\/www.happymarkt.it\/de\/"},{"@type":"ListItem","position":2,"name":"Gebrauchtwarenmarkt","item":"https:\/\/www.happymarkt.it\/de\/shop\/"},{"@type":"ListItem","position":3,"name":"Registrierkasse elektronisch mit Geldschublade &#8211; Cassa registrazione elettronica ONDA di Mima per negozi\/"}]},{"@type":"WebSite","@id":"https:\/\/www.happymarkt.it\/#website","url":"https:\/\/www.happymarkt.it\/","name":"Happymarkt","description":"","potentialAction":[{"@type":"SearchAction","target":{"@type":"EntryPoint","urlTemplate":"https:\/\/www.happymarkt.it\/?s={search_term_string}"},"query-input":{"@type":"PropertyValueSpecification","valueRequired":true,"valueName":"search_term_string"}}],"inLanguage":"de"}]}},"_links":{"self":[{"href":"https:\/\/www.happymarkt.it\/de\/wp-json\/wp\/v2\/product\/8524","targetHints":{"allow":["GET"]}}],"collection":[{"href":"https:\/\/www.happymarkt.it\/de\/wp-json\/wp\/v2\/product"}],"about":[{"href":"https:\/\/www.happymarkt.it\/de\/wp-json\/wp\/v2\/types\/product"}],"wp:featuredmedia":[{"embeddable":true,"href":"https:\/\/www.happymarkt.it\/de\/wp-json\/wp\/v2\/media\/8519"}],"wp:attachment":[{"href":"https:\/\/www.happymarkt.it\/de\/wp-json\/wp\/v2\/media?parent=8524"}],"wp:term":[{"taxonomy":"product_brand","embeddable":true,"href":"https:\/\/www.happymarkt.it\/de\/wp-json\/wp\/v2\/product_brand?post=8524"},{"taxonomy":"product_cat","embeddable":true,"href":"https:\/\/www.happymarkt.it\/de\/wp-json\/wp\/v2\/product_cat?post=8524"},{"taxonomy":"product_tag","embeddable":true,"href":"https:\/\/www.happymarkt.it\/de\/wp-json\/wp\/v2\/product_tag?post=8524"}],"curies":[{"name":"wp","href":"https:\/\/api.w.org\/{rel}","templated":true}]}}