{"id":8529,"date":"2025-05-13T15:29:17","date_gmt":"2025-05-13T13:29:17","guid":{"rendered":"https:\/\/www.happymarkt.it\/product\/stehleuchte-lampada-da-terra-bianca-von-di-fontana-arte\/"},"modified":"2026-03-09T17:34:41","modified_gmt":"2026-03-09T16:34:41","slug":"stehleuchte-lampada-da-terra-bianca-von-di-fontana-arte","status":"publish","type":"product","link":"https:\/\/www.happymarkt.it\/de\/product\/stehleuchte-lampada-da-terra-bianca-von-di-fontana-arte\/","title":{"rendered":"Stehleuchte \/ lampada da terra BIANCA von\/di Fontana Arte"},"content":{"rendered":"<p>Stehleuchte BIANCA, Schirm mit mundgeblasenen wei\u00dfem strukturiertem Glas. Kabel mit Schiebedimmer, Struktur aus Metall wei\u00df pulverbeschichtet, Ma\u00dfe: \u00d8 50 x H 177,5 cm, f\u00fcr Leuchtmittel Anschluss E27, Neupreis \u20ac1060,00. Originalverpackt, neu.<\/p>\n<p>Lampada da terra BIANCA, paralume in vetro soffiato a bocca bianco strutturato. Cavo con dimmer scorrevole, struttura in metallo verniciato a polvere bianco, dimensioni: \u00d8 50 x H 177,5 cm, per attacco lampadina E27, prezzo d&#8217;acquisto \u20ac1.060,00. Imballato originale\/nuovo.<\/p>\n","protected":false},"excerpt":{"rendered":"<p>Sonderpreis &#8211; prezzo speciale<\/p>\n","protected":false},"featured_media":8527,"template":"","meta":[],"product_brand":[],"product_cat":[166],"product_tag":[],"class_list":{"0":"post-8529","1":"product","2":"type-product","3":"status-publish","4":"has-post-thumbnail","6":"product_cat-einrichtung","8":"first","9":"instock","10":"taxable","11":"shipping-taxable","12":"purchasable","13":"product-type-simple"},"yoast_head":"<!-- This site is optimized with the Yoast SEO plugin v24.3 - https:\/\/yoast.com\/wordpress\/plugins\/seo\/ -->\n<title>Stehleuchte \/ lampada da terra BIANCA von\/di Fontana Arte - Happymarkt<\/title>\n<meta name=\"robots\" content=\"index, follow, max-snippet:-1, max-image-preview:large, max-video-preview:-1\" \/>\n<link rel=\"canonical\" href=\"https:\/\/www.happymarkt.it\/de\/product\/stehleuchte-lampada-da-terra-bianca-von-di-fontana-arte\/\" \/>\n<meta property=\"og:locale\" content=\"de_DE\" \/>\n<meta property=\"og:type\" content=\"article\" \/>\n<meta property=\"og:title\" content=\"Stehleuchte \/ lampada da terra BIANCA von\/di Fontana Arte - Happymarkt\" \/>\n<meta property=\"og:description\" content=\"Sonderpreis - prezzo speciale\" \/>\n<meta property=\"og:url\" content=\"https:\/\/www.happymarkt.it\/de\/product\/stehleuchte-lampada-da-terra-bianca-von-di-fontana-arte\/\" \/>\n<meta property=\"og:site_name\" content=\"Happymarkt\" \/>\n<meta property=\"article:modified_time\" content=\"2026-03-09T16:34:41+00:00\" \/>\n<meta property=\"og:image\" content=\"https:\/\/www.happymarkt.it\/wp-content\/uploads\/Bildschirmfoto-2025-05-13-um-15.27.39.png\" \/>\n\t<meta property=\"og:image:width\" content=\"437\" \/>\n\t<meta property=\"og:image:height\" content=\"580\" \/>\n\t<meta property=\"og:image:type\" content=\"image\/png\" \/>\n<meta name=\"twitter:card\" content=\"summary_large_image\" \/>\n<script type=\"application\/ld+json\" class=\"yoast-schema-graph\">{\"@context\":\"https:\/\/schema.org\",\"@graph\":[{\"@type\":\"WebPage\",\"@id\":\"https:\/\/www.happymarkt.it\/de\/product\/stehleuchte-lampada-da-terra-bianca-von-di-fontana-arte\/\",\"url\":\"https:\/\/www.happymarkt.it\/de\/product\/stehleuchte-lampada-da-terra-bianca-von-di-fontana-arte\/\",\"name\":\"Stehleuchte \/ lampada da terra BIANCA von\/di Fontana Arte - Happymarkt\",\"isPartOf\":{\"@id\":\"https:\/\/www.happymarkt.it\/#website\"},\"primaryImageOfPage\":{\"@id\":\"https:\/\/www.happymarkt.it\/de\/product\/stehleuchte-lampada-da-terra-bianca-von-di-fontana-arte\/#primaryimage\"},\"image\":{\"@id\":\"https:\/\/www.happymarkt.it\/de\/product\/stehleuchte-lampada-da-terra-bianca-von-di-fontana-arte\/#primaryimage\"},\"thumbnailUrl\":\"https:\/\/www.happymarkt.it\/wp-content\/uploads\/Bildschirmfoto-2025-05-13-um-15.27.39.png\",\"datePublished\":\"2025-05-13T13:29:17+00:00\",\"dateModified\":\"2026-03-09T16:34:41+00:00\",\"breadcrumb\":{\"@id\":\"https:\/\/www.happymarkt.it\/de\/product\/stehleuchte-lampada-da-terra-bianca-von-di-fontana-arte\/#breadcrumb\"},\"inLanguage\":\"de\",\"potentialAction\":[{\"@type\":\"ReadAction\",\"target\":[\"https:\/\/www.happymarkt.it\/de\/product\/stehleuchte-lampada-da-terra-bianca-von-di-fontana-arte\/\"]}]},{\"@type\":\"ImageObject\",\"inLanguage\":\"de\",\"@id\":\"https:\/\/www.happymarkt.it\/de\/product\/stehleuchte-lampada-da-terra-bianca-von-di-fontana-arte\/#primaryimage\",\"url\":\"https:\/\/www.happymarkt.it\/wp-content\/uploads\/Bildschirmfoto-2025-05-13-um-15.27.39.png\",\"contentUrl\":\"https:\/\/www.happymarkt.it\/wp-content\/uploads\/Bildschirmfoto-2025-05-13-um-15.27.39.png\",\"width\":437,\"height\":580},{\"@type\":\"BreadcrumbList\",\"@id\":\"https:\/\/www.happymarkt.it\/de\/product\/stehleuchte-lampada-da-terra-bianca-von-di-fontana-arte\/#breadcrumb\",\"itemListElement\":[{\"@type\":\"ListItem\",\"position\":1,\"name\":\"Home\",\"item\":\"https:\/\/www.happymarkt.it\/de\/\"},{\"@type\":\"ListItem\",\"position\":2,\"name\":\"Gebrauchtwarenmarkt\",\"item\":\"https:\/\/www.happymarkt.it\/de\/shop\/\"},{\"@type\":\"ListItem\",\"position\":3,\"name\":\"Stehleuchte \/ lampada da terra BIANCA von\/di Fontana Arte\"}]},{\"@type\":\"WebSite\",\"@id\":\"https:\/\/www.happymarkt.it\/#website\",\"url\":\"https:\/\/www.happymarkt.it\/\",\"name\":\"Happymarkt\",\"description\":\"\",\"potentialAction\":[{\"@type\":\"SearchAction\",\"target\":{\"@type\":\"EntryPoint\",\"urlTemplate\":\"https:\/\/www.happymarkt.it\/?s={search_term_string}\"},\"query-input\":{\"@type\":\"PropertyValueSpecification\",\"valueRequired\":true,\"valueName\":\"search_term_string\"}}],\"inLanguage\":\"de\"}]}<\/script>\n<!-- \/ Yoast SEO plugin. -->","yoast_head_json":{"title":"Stehleuchte \/ lampada da terra BIANCA von\/di Fontana Arte - Happymarkt","robots":{"index":"index","follow":"follow","max-snippet":"max-snippet:-1","max-image-preview":"max-image-preview:large","max-video-preview":"max-video-preview:-1"},"canonical":"https:\/\/www.happymarkt.it\/de\/product\/stehleuchte-lampada-da-terra-bianca-von-di-fontana-arte\/","og_locale":"de_DE","og_type":"article","og_title":"Stehleuchte \/ lampada da terra BIANCA von\/di Fontana Arte - Happymarkt","og_description":"Sonderpreis - prezzo speciale","og_url":"https:\/\/www.happymarkt.it\/de\/product\/stehleuchte-lampada-da-terra-bianca-von-di-fontana-arte\/","og_site_name":"Happymarkt","article_modified_time":"2026-03-09T16:34:41+00:00","og_image":[{"width":437,"height":580,"url":"https:\/\/www.happymarkt.it\/wp-content\/uploads\/Bildschirmfoto-2025-05-13-um-15.27.39.png","type":"image\/png"}],"twitter_card":"summary_large_image","schema":{"@context":"https:\/\/schema.org","@graph":[{"@type":"WebPage","@id":"https:\/\/www.happymarkt.it\/de\/product\/stehleuchte-lampada-da-terra-bianca-von-di-fontana-arte\/","url":"https:\/\/www.happymarkt.it\/de\/product\/stehleuchte-lampada-da-terra-bianca-von-di-fontana-arte\/","name":"Stehleuchte \/ lampada da terra BIANCA von\/di Fontana Arte - Happymarkt","isPartOf":{"@id":"https:\/\/www.happymarkt.it\/#website"},"primaryImageOfPage":{"@id":"https:\/\/www.happymarkt.it\/de\/product\/stehleuchte-lampada-da-terra-bianca-von-di-fontana-arte\/#primaryimage"},"image":{"@id":"https:\/\/www.happymarkt.it\/de\/product\/stehleuchte-lampada-da-terra-bianca-von-di-fontana-arte\/#primaryimage"},"thumbnailUrl":"https:\/\/www.happymarkt.it\/wp-content\/uploads\/Bildschirmfoto-2025-05-13-um-15.27.39.png","datePublished":"2025-05-13T13:29:17+00:00","dateModified":"2026-03-09T16:34:41+00:00","breadcrumb":{"@id":"https:\/\/www.happymarkt.it\/de\/product\/stehleuchte-lampada-da-terra-bianca-von-di-fontana-arte\/#breadcrumb"},"inLanguage":"de","potentialAction":[{"@type":"ReadAction","target":["https:\/\/www.happymarkt.it\/de\/product\/stehleuchte-lampada-da-terra-bianca-von-di-fontana-arte\/"]}]},{"@type":"ImageObject","inLanguage":"de","@id":"https:\/\/www.happymarkt.it\/de\/product\/stehleuchte-lampada-da-terra-bianca-von-di-fontana-arte\/#primaryimage","url":"https:\/\/www.happymarkt.it\/wp-content\/uploads\/Bildschirmfoto-2025-05-13-um-15.27.39.png","contentUrl":"https:\/\/www.happymarkt.it\/wp-content\/uploads\/Bildschirmfoto-2025-05-13-um-15.27.39.png","width":437,"height":580},{"@type":"BreadcrumbList","@id":"https:\/\/www.happymarkt.it\/de\/product\/stehleuchte-lampada-da-terra-bianca-von-di-fontana-arte\/#breadcrumb","itemListElement":[{"@type":"ListItem","position":1,"name":"Home","item":"https:\/\/www.happymarkt.it\/de\/"},{"@type":"ListItem","position":2,"name":"Gebrauchtwarenmarkt","item":"https:\/\/www.happymarkt.it\/de\/shop\/"},{"@type":"ListItem","position":3,"name":"Stehleuchte \/ lampada da terra BIANCA von\/di Fontana Arte"}]},{"@type":"WebSite","@id":"https:\/\/www.happymarkt.it\/#website","url":"https:\/\/www.happymarkt.it\/","name":"Happymarkt","description":"","potentialAction":[{"@type":"SearchAction","target":{"@type":"EntryPoint","urlTemplate":"https:\/\/www.happymarkt.it\/?s={search_term_string}"},"query-input":{"@type":"PropertyValueSpecification","valueRequired":true,"valueName":"search_term_string"}}],"inLanguage":"de"}]}},"_links":{"self":[{"href":"https:\/\/www.happymarkt.it\/de\/wp-json\/wp\/v2\/product\/8529","targetHints":{"allow":["GET"]}}],"collection":[{"href":"https:\/\/www.happymarkt.it\/de\/wp-json\/wp\/v2\/product"}],"about":[{"href":"https:\/\/www.happymarkt.it\/de\/wp-json\/wp\/v2\/types\/product"}],"wp:featuredmedia":[{"embeddable":true,"href":"https:\/\/www.happymarkt.it\/de\/wp-json\/wp\/v2\/media\/8527"}],"wp:attachment":[{"href":"https:\/\/www.happymarkt.it\/de\/wp-json\/wp\/v2\/media?parent=8529"}],"wp:term":[{"taxonomy":"product_brand","embeddable":true,"href":"https:\/\/www.happymarkt.it\/de\/wp-json\/wp\/v2\/product_brand?post=8529"},{"taxonomy":"product_cat","embeddable":true,"href":"https:\/\/www.happymarkt.it\/de\/wp-json\/wp\/v2\/product_cat?post=8529"},{"taxonomy":"product_tag","embeddable":true,"href":"https:\/\/www.happymarkt.it\/de\/wp-json\/wp\/v2\/product_tag?post=8529"}],"curies":[{"name":"wp","href":"https:\/\/api.w.org\/{rel}","templated":true}]}}